{"id":2,"date":"2021-03-06T10:54:24","date_gmt":"2021-03-06T09:54:24","guid":{"rendered":"http:\/\/pp4it.de\/?page_id=2"},"modified":"2023-08-05T01:28:41","modified_gmt":"2023-08-04T23:28:41","slug":"beispiel-seite","status":"publish","type":"page","link":"https:\/\/www.pp4it.de\/?page_id=2","title":{"rendered":"Unternehmen"},"content":{"rendered":"\n<p>Ein paar Fakten zu uns:<\/p>\n\n\n\n<blockquote class=\"wp-block-quote has-text-align-left is-layout-flow wp-block-quote-is-layout-flow\">\n<p>Das Unternehmen &#8222;PP4IT &#8211; Professional Partner for IT&#8220; wurde im M\u00e4rz 2021 von Herrn Simon Preinl als Nebengewerbe gegr\u00fcndet und bietet seither IT-Dienstleistungen, Beratung, Kauf &amp; Einrichtung von Hard\/-Software sowohl f\u00fcr Privatleute wie auch kleine Unternehmen an.<br>An seinem Standort in Reichelsheim besch\u00e4ftigt der Betrieb derzeit den Inhaber, also mich selbst.<\/p>\n<\/blockquote>\n\n\n\n<p><img loading=\"lazy\" decoding=\"async\" width=\"400\" height=\"908\" class=\"wp-image-256\" style=\"width: 400px;\" src=\"https:\/\/www.pp4it.de\/wp-content\/uploads\/2023\/08\/Beruflich_Stationen_XING.jpg\" alt=\"\" srcset=\"https:\/\/www.pp4it.de\/wp-content\/uploads\/2023\/08\/Beruflich_Stationen_XING.jpg 839w, https:\/\/www.pp4it.de\/wp-content\/uploads\/2023\/08\/Beruflich_Stationen_XING-132x300.jpg 132w, https:\/\/www.pp4it.de\/wp-content\/uploads\/2023\/08\/Beruflich_Stationen_XING-451x1024.jpg 451w, https:\/\/www.pp4it.de\/wp-content\/uploads\/2023\/08\/Beruflich_Stationen_XING-768x1744.jpg 768w, https:\/\/www.pp4it.de\/wp-content\/uploads\/2023\/08\/Beruflich_Stationen_XING-676x1536.jpg 676w\" sizes=\"auto, (max-width: 400px) 100vw, 400px\" \/><br><br>Daher schaue Ich auch gerne mal \u00fcber den Tellerrand hinweg.<br>&#8211; Was gibt es in der Welt der IT sonst noch?<br>&#8211; Wo haben sich, ggf. wiederholt, Sicherheitsl\u00fccken aufgetan?<br>&#8211; Sind Updates verf\u00fcgbar?<br>&#8211; Was gibt es an neuen Techniken, welche f\u00fcr mich oder meine Kunden interessant sein k\u00f6nnten?<\/p>\n\n\n\n<hr class=\"wp-block-separator has-alpha-channel-opacity\"\/>\n\n\n\n<p>Die weltweite Pandemie 2020-2022 zeigte es leider sehr deutlich, die IT-Ausstattung sowohl von Privathaushalten als auch (kleinen) Unternehmen braucht immer Unterst\u00fctzung um schneller, besser, weiter zu kommen oder \u00fcberhaupt zu funktionieren.<\/p>\n\n\n\n<p>Auch in dieser Hinsicht wollen wir Sie daher gerne unterst\u00fctzen.<br><br>Ein paar Beispiele:<br>&#8211; Fehlt Ihnen die Hardware f\u00fcr das HomeSchooling, beraten wir Sie gerne und versuchen L\u00f6sungen zu finden.<br>&#8211; Sie wollen ihre Wohnung (im Rahmen des M\u00f6glichen), oder Ihr Eigenheim etwas mehr Automatisieren, nutzen eine AVM Fritz!Box haben aber von den durch AVM gegebenen L\u00f6sungsideen oder den M\u00f6glichkeiten eines &#8222;Raspberry Pi&#8220; keine rechte Ahnung, wenden Sie sich an uns, wir versuchen f\u00fcr Sie L\u00f6sungen zu finden.<br>&#8211; Sie besitzen einen Computer\/ein Notebook und k\u00f6nnen nicht mehr auf ihre Daten zugreifen?<br>Wie versuchen gerne ihre Daten zu retten. Selbstverst\u00e4ndlich werden diese streng vertraulich behandelt!<br>&#8211; Ihre Hardware ist schon etwas in die Jahre gekommen und Sie \u00fcberlegen eine Aufr\u00fcstung oder einen Neuerwerb.<br>Melden Sie sich bei uns, wir er\u00f6rtern die M\u00f6glichkeiten auch auf Basis der Sinnhaftigkeit bzw. des ggf. vorhandenen Preisrahmens.<\/p>\n","protected":false},"excerpt":{"rendered":"<p>Ein paar Fakten zu uns: Das Unternehmen &#8222;PP4IT &#8211; Professional Partner for IT&#8220; wurde im M\u00e4rz 2021 von Herrn Simon Preinl als Nebengewerbe gegr\u00fcndet und bietet seither IT-Dienstleistungen, Beratung, Kauf &amp; Einrichtung von Hard\/-Software sowohl f\u00fcr Privatleute wie auch kleine Unternehmen an.An seinem Standort in Reichelsheim besch\u00e4ftigt der Betrieb derzeit den Inhaber, also mich selbst. [&hellip;]<\/p>\n","protected":false},"author":1,"featured_media":0,"parent":0,"menu_order":0,"comment_status":"closed","ping_status":"open","template":"","meta":{"footnotes":""},"class_list":["post-2","page","type-page","status-publish","hentry"],"_links":{"self":[{"href":"https:\/\/www.pp4it.de\/index.php?rest_route=\/wp\/v2\/pages\/2","targetHints":{"allow":["GET"]}}],"collection":[{"href":"https:\/\/www.pp4it.de\/index.php?rest_route=\/wp\/v2\/pages"}],"about":[{"href":"https:\/\/www.pp4it.de\/index.php?rest_route=\/wp\/v2\/types\/page"}],"author":[{"embeddable":true,"href":"https:\/\/www.pp4it.de\/index.php?rest_route=\/wp\/v2\/users\/1"}],"replies":[{"embeddable":true,"href":"https:\/\/www.pp4it.de\/index.php?rest_route=%2Fwp%2Fv2%2Fcomments&post=2"}],"version-history":[{"count":26,"href":"https:\/\/www.pp4it.de\/index.php?rest_route=\/wp\/v2\/pages\/2\/revisions"}],"predecessor-version":[{"id":262,"href":"https:\/\/www.pp4it.de\/index.php?rest_route=\/wp\/v2\/pages\/2\/revisions\/262"}],"wp:attachment":[{"href":"https:\/\/www.pp4it.de\/index.php?rest_route=%2Fwp%2Fv2%2Fmedia&parent=2"}],"curies":[{"name":"wp","href":"https:\/\/api.w.org\/{rel}","templated":true}]}}